{"id":1172,"date":"2020-02-01T10:22:15","date_gmt":"2020-02-01T07:22:15","guid":{"rendered":"http:\/\/2020.brs.org.tr\/?page_id=1172"},"modified":"2021-12-31T14:07:03","modified_gmt":"2021-12-31T11:07:03","slug":"org","status":"publish","type":"page","link":"https:\/\/2022.brs.org.tr\/index.php\/org\/","title":{"rendered":"Organization Comittee"},"content":{"rendered":"\n<p><strong>Target Group<\/strong><\/p>\n\n\n\n<p>The school open to all applicants such as MSc or PhD students or young investigators, specialists and students.<\/p>\n\n\n\n<p class=\"has-text-align-center\"><strong>Honorary Committee<\/strong><\/p>\n\n\n\n<p class=\"has-text-align-center\"><strong>Prof. Dr. \u0130lker H\u00fcseyin \u00c7ARIK\u00c7I<\/strong><\/p>\n\n\n\n<p class=\"has-text-align-center\">Rector of S\u00fcleyman Demirel University<\/p>\n\n\n\n<p class=\"has-text-align-center\"><strong>Prof. Dr. Alim KO\u015eAR<\/strong><\/p>\n\n\n\n<p class=\"has-text-align-center\">Dean of Medical Faculty, S\u00fcleyman Demirel University<\/p>\n\n\n\n<p class=\"has-text-align-center\"><strong>Organization Committee<\/strong><\/p>\n\n\n\n<p class=\"has-text-align-center\"><strong>Prof. Mustafa NAZIRO\u011eLU, Chair<\/strong><\/p>\n\n\n\n<p class=\"has-text-align-center\">Department of Biophysics, Medical Faculty, S\u00fcleyman Demirel University<\/p>\n\n\n\n<p class=\"has-text-align-center\"><strong>Assoc. Prof. Dr. \u00d6mer \u00c7EL\u0130K, Vice Chair<\/strong><\/p>\n\n\n\n<p class=\"has-text-align-center\">Department of Biophysics, Medical Faculty, S\u00fcleyman Demirel University&nbsp;<\/p>\n\n\n\n<p><\/p>\n\n\n\n<p class=\"has-text-align-center\"><strong>Secretariat<\/strong><\/p>\n\n\n\n<p class=\"has-text-align-center\"><strong>Dr. Kenan YILDIZHAN<\/strong><\/p>\n\n\n\n<p class=\"has-text-align-center\">Department of Biophysics, Medical Faculty, Van Y\u00fcz\u00fcnc\u00fc Y\u0131l University<\/p>\n\n\n\n<p class=\"has-text-align-center\"><strong>Dr. Ramazan \u00c7INAR<\/strong><\/p>\n\n\n\n<p class=\"has-text-align-center\">Department of Biophysics, Medical Faculty, S\u00fcleyman Demirel University&nbsp;<\/p>\n\n\n\n<p class=\"has-text-align-center\"><strong>Accountants<\/strong><\/p>\n\n\n\n<p class=\"has-text-align-center\"><strong>Dr. Yener YAZ\u011eAN<\/strong><\/p>\n\n\n\n<p class=\"has-text-align-center\">Department of Biophysics, Medical Faculty, Kastamonu University<\/p>\n\n\n\n<p class=\"has-text-align-center\"><strong>Dr. Ahmi \u00d6Z<\/strong><\/p>\n\n\n\n<p class=\"has-text-align-center\">Department of Biophysics, Medical Faculty, S\u00fcleyman Demirel University<\/p>\n","protected":false},"excerpt":{"rendered":"<p>Target Group The school open to all applicants such as MSc or PhD students or young investigators, specialists and students. Honorary Committee Prof. Dr. \u0130lker H\u00fcseyin \u00c7ARIK\u00c7I Rector of S\u00fcleyman Demirel University Prof. Dr. Alim KO\u015eAR Dean of Medical Faculty, S\u00fcleyman Demirel University Organization Committee Prof. Mustafa NAZIRO\u011eLU, Chair Department of Biophysics, Medical Faculty, S\u00fcleyman Demirel University Assoc. Prof. Dr. \u00d6mer \u00c7EL\u0130K, Vice Chair Department of Biophysics, Medical Faculty, S\u00fcleyman&hellip; <\/p>\n","protected":false},"author":1,"featured_media":0,"parent":0,"menu_order":0,"comment_status":"closed","ping_status":"closed","template":"","meta":{"footnotes":""},"class_list":["post-1172","page","type-page","status-publish","hentry"],"_links":{"self":[{"href":"https:\/\/2022.brs.org.tr\/index.php\/wp-json\/wp\/v2\/pages\/1172","targetHints":{"allow":["GET"]}}],"collection":[{"href":"https:\/\/2022.brs.org.tr\/index.php\/wp-json\/wp\/v2\/pages"}],"about":[{"href":"https:\/\/2022.brs.org.tr\/index.php\/wp-json\/wp\/v2\/types\/page"}],"author":[{"embeddable":true,"href":"https:\/\/2022.brs.org.tr\/index.php\/wp-json\/wp\/v2\/users\/1"}],"replies":[{"embeddable":true,"href":"https:\/\/2022.brs.org.tr\/index.php\/wp-json\/wp\/v2\/comments?post=1172"}],"version-history":[{"count":8,"href":"https:\/\/2022.brs.org.tr\/index.php\/wp-json\/wp\/v2\/pages\/1172\/revisions"}],"predecessor-version":[{"id":1760,"href":"https:\/\/2022.brs.org.tr\/index.php\/wp-json\/wp\/v2\/pages\/1172\/revisions\/1760"}],"wp:attachment":[{"href":"https:\/\/2022.brs.org.tr\/index.php\/wp-json\/wp\/v2\/media?parent=1172"}],"curies":[{"name":"wp","href":"https:\/\/api.w.org\/{rel}","templated":true}]}}