{"id":198,"date":"2018-07-19T23:01:08","date_gmt":"2018-07-19T20:01:08","guid":{"rendered":"http:\/\/2019.brs.org.tr\/?page_id=198"},"modified":"2018-07-19T23:01:08","modified_gmt":"2018-07-19T20:01:08","slug":"contact","status":"publish","type":"page","link":"https:\/\/2022.brs.org.tr\/index.php\/contact\/","title":{"rendered":"Contact"},"content":{"rendered":"<p>S\u00fcleyman Demirel \u00dcniversitesi, T\u0131p Fak\u00fcltesi, N\u00f6rolojik Bilimler Ar\u015f. ve Uyg. Merkezi<\/p>\n<p>Morfoloji Binas\u0131, Do\u011fu Kamp\u00fcs\u00fc<\/p>\n<p>32260 \u00c7\u00fcn\u00fcr \/ Isparta<\/p>\n<p>Tel: +90 246 211 36 41<\/p>\n<p>Fax: +90 246 237 11 65<\/p>\n<p>norobam@sdu.edu.tr<\/p>\n","protected":false},"excerpt":{"rendered":"<p>S\u00fcleyman Demirel \u00dcniversitesi, T\u0131p Fak\u00fcltesi, N\u00f6rolojik Bilimler Ar\u015f. ve Uyg. Merkezi Morfoloji Binas\u0131, Do\u011fu Kamp\u00fcs\u00fc 32260 \u00c7\u00fcn\u00fcr \/ Isparta Tel: +90 246 211 36 41 Fax: +90 246 237 11 65 norobam@sdu.edu.tr<\/p>\n","protected":false},"author":1,"featured_media":0,"parent":0,"menu_order":0,"comment_status":"closed","ping_status":"closed","template":"","meta":{"footnotes":""},"class_list":["post-198","page","type-page","status-publish","hentry"],"_links":{"self":[{"href":"https:\/\/2022.brs.org.tr\/index.php\/wp-json\/wp\/v2\/pages\/198","targetHints":{"allow":["GET"]}}],"collection":[{"href":"https:\/\/2022.brs.org.tr\/index.php\/wp-json\/wp\/v2\/pages"}],"about":[{"href":"https:\/\/2022.brs.org.tr\/index.php\/wp-json\/wp\/v2\/types\/page"}],"author":[{"embeddable":true,"href":"https:\/\/2022.brs.org.tr\/index.php\/wp-json\/wp\/v2\/users\/1"}],"replies":[{"embeddable":true,"href":"https:\/\/2022.brs.org.tr\/index.php\/wp-json\/wp\/v2\/comments?post=198"}],"version-history":[{"count":1,"href":"https:\/\/2022.brs.org.tr\/index.php\/wp-json\/wp\/v2\/pages\/198\/revisions"}],"predecessor-version":[{"id":199,"href":"https:\/\/2022.brs.org.tr\/index.php\/wp-json\/wp\/v2\/pages\/198\/revisions\/199"}],"wp:attachment":[{"href":"https:\/\/2022.brs.org.tr\/index.php\/wp-json\/wp\/v2\/media?parent=198"}],"curies":[{"name":"wp","href":"https:\/\/api.w.org\/{rel}","templated":true}]}}